

















{"id":4090,"date":"2020-08-20T11:51:35","date_gmt":"2020-08-20T09:51:35","guid":{"rendered":"https:\/\/valkplant.com\/?page_id=4090"},"modified":"2022-08-12T12:33:39","modified_gmt":"2022-08-12T10:33:39","slug":"contact","status":"publish","type":"page","link":"https:\/\/valkplant.com\/de\/contact\/","title":{"rendered":"Contact"},"content":{"rendered":"<p>[et_pb_section fb_built=&#8220;1&#8243; fullwidth=&#8220;on&#8220; _builder_version=&#8220;4.2.2&#8243;][et_pb_fullwidth_image _builder_version=&#8220;4.3.2&#8243; background_image=&#8220;https:\/\/valkplant.com\/wp-content\/uploads\/2020\/02\/contact.png&#8220; height=&#8220;400px&#8220; custom_css_main_element=&#8220;overflow:hidden&#8220;][\/et_pb_fullwidth_image][\/et_pb_section][et_pb_section fb_built=&#8220;1&#8243; _builder_version=&#8220;4.2.2&#8243; custom_padding=&#8220;||0px|||&#8220;][et_pb_row column_structure=&#8220;1_2,1_2&#8243; _builder_version=&#8220;4.5.1&#8243; width_tablet=&#8220;90%&#8220; width_phone=&#8220;&#8220; width_last_edited=&#8220;on|phone&#8220;][et_pb_column type=&#8220;1_2&#8243; _builder_version=&#8220;4.2.2&#8243; background_color=&#8220;#f7f7f7&#8243; transform_translate=&#8220;0px|-130px&#8220; transform_translate_linked=&#8220;off&#8220; custom_padding=&#8220;70px|50px|70px|50px|true|true&#8220; box_shadow_style=&#8220;preset1&#8243;][et_pb_text _builder_version=&#8220;4.5.7&#8243; text_font=&#8220;|800|||||||&#8220; text_text_color=&#8220;#bdd02c&#8220; text_font_size=&#8220;30px&#8220; text_line_height=&#8220;1em&#8220;]<\/p>\n<p>Sind Sie interessiert?<\/p>\n<p>[\/et_pb_text][et_pb_text _builder_version=&#8220;4.5.7&#8243;]<\/p>\n<p>Suchen Sie einen guten Partner f\u00fcr die Entwicklung Ihrer neuen Anlage? W\u00fcnschen Sie einen Lizenzvertrag f\u00fcr eine unserer innovativen Sorten? Oder sind Sie daran interessiert, eine der Pflanzen aus unserem Portfolio in Ihr Sortiment aufzunehmen? Dann sind Sie bei Valkplant an der richtigen Adresse. Kontaktieren Sie uns \u00fcber das Kontaktformular oder melden sich direkt bei uns. Wir freuen uns auf ihren Anruf. Die Kontaktdaten finden Sie unten.<\/p>\n<p>[\/et_pb_text][et_pb_text module_id=&#8220;contactpage&#8220; _builder_version=&#8220;4.5.6&#8243; custom_padding=&#8220;|||0px||&#8220;]<\/p>\n<table class=\"footer-address\" style=\"width: 100%; table-layout: fixed;\">\n<tbody>\n<tr>\n<td style=\"width: 50px; padding: 6px;\"><a href=\"https:\/\/www.google.nl\/maps\/place\/Burgemeester+Smitweg+64,+2391+NG+Hazerswoude-Dorp\/@52.0978103,4.6270309,17z\/data=!3m1!4b1!4m5!3m4!1s0x47c5d009759a7abf:0x963c16d435fb1ebd!8m2!3d52.0978103!4d4.6292196\" target=\"_blank\" rel=\"noopener noreferrer\"><img loading=\"lazy\" decoding=\"async\" width=\"17\" height=\"24\" class=\"wp-image-409 alignnone size-full\" src=\"https:\/\/valkplant.com\/wp-content\/uploads\/2020\/02\/Path-755.png\" alt=\"\" \/><\/a><\/td>\n<td style=\"padding-left: 7px;\"><a href=\"https:\/\/www.google.nl\/maps\/place\/Burgemeester+Smitweg+64,+2391+NG+Hazerswoude-Dorp\/@52.0978103,4.6270309,17z\/data=!3m1!4b1!4m5!3m4!1s0x47c5d009759a7abf:0x963c16d435fb1ebd!8m2!3d52.0978103!4d4.6292196\" target=\"_blank\" rel=\"noopener noreferrer\">Burgemeester Smitweg 64<\/a><br \/>\n<a href=\"https:\/\/www.google.nl\/maps\/place\/Burgemeester+Smitweg+64,+2391+NG+Hazerswoude-Dorp\/@52.0978103,4.6270309,17z\/data=!3m1!4b1!4m5!3m4!1s0x47c5d009759a7abf:0x963c16d435fb1ebd!8m2!3d52.0978103!4d4.6292196\" target=\"_blank\" rel=\"noopener noreferrer\"> 2391 NG Hazerswoude-Dorp<\/a><br \/>\n<a href=\"https:\/\/www.google.nl\/maps\/place\/Burgemeester+Smitweg+64,+2391+NG+Hazerswoude-Dorp\/@52.0978103,4.6270309,17z\/data=!3m1!4b1!4m5!3m4!1s0x47c5d009759a7abf:0x963c16d435fb1ebd!8m2!3d52.0978103!4d4.6292196\" target=\"_blank\" rel=\"noopener noreferrer\"> The Netherlands.<\/a><\/td>\n<\/tr>\n<tr>\n<td style=\"width: 50px; padding: 6px;\"><img loading=\"lazy\" decoding=\"async\" width=\"20\" height=\"20\" class=\"wp-image-408 alignnone size-full\" src=\"https:\/\/valkplant.com\/wp-content\/uploads\/2020\/02\/Path-752.png\" alt=\"\" \/><\/td>\n<td style=\"padding-left: 7px;\">Tel: <a href=\"tel:+31%20172 588600\">+31 172 588600<\/a><\/td>\n<\/tr>\n<tr>\n<td style=\"width: 50px; padding: 6px;\"><img loading=\"lazy\" decoding=\"async\" width=\"20\" height=\"16\" class=\"wp-image-407 alignnone size-full\" src=\"https:\/\/valkplant.com\/wp-content\/uploads\/2020\/02\/Group-249.png\" alt=\"\" \/><\/td>\n<td style=\"padding-left: 7px;\">E-mail: <a href=\"mailto:info@valkplant.com\">info@valkplant.com<\/a><\/td>\n<\/tr>\n<\/tbody>\n<\/table>\n<p>[\/et_pb_text][\/et_pb_column][et_pb_column type=&#8220;1_2&#8243; _builder_version=&#8220;4.2.2&#8243;][et_pb_text _builder_version=&#8220;4.5.7&#8243; text_font=&#8220;|800|||||||&#8220; text_font_size=&#8220;30px&#8220;]<\/p>\n<p>Kontaktformular<\/p>\n<p>[\/et_pb_text][et_pb_text _builder_version=&#8220;4.5.7&#8243; hover_enabled=&#8220;0&#8243;]<\/p>\n<form id=\"forminator-module-4214\" class=\"forminator-custom-form forminator-custom-form-4214\" method=\"post\" data-forminator-render=\"0\" data-uid=\"69e3464428acb\"><div role=\"alert\" aria-live=\"polite\" class=\"forminator-response-message forminator-error\" aria-hidden=\"true\"><\/div><\/form>\n<p>[\/et_pb_text][\/et_pb_column][\/et_pb_row][\/et_pb_section]<\/p>\n","protected":false},"excerpt":{"rendered":"<p>Sind Sie interessiert? Suchen Sie einen guten Partner f\u00fcr die Entwicklung Ihrer neuen Anlage? W\u00fcnschen Sie einen Lizenzvertrag f\u00fcr eine unserer innovativen Sorten? Oder sind Sie daran interessiert, eine der Pflanzen aus unserem Portfolio in Ihr Sortiment aufzunehmen? Dann sind Sie bei Valkplant an der richtigen Adresse. Kontaktieren Sie uns \u00fcber das Kontaktformular oder melden [&hellip;]<\/p>\n","protected":false},"author":1,"featured_media":0,"parent":0,"menu_order":0,"comment_status":"closed","ping_status":"closed","template":"","meta":{"_et_pb_use_builder":"on","_et_pb_old_content":"","_et_gb_content_width":"","footnotes":""},"class_list":["post-4090","page","type-page","status-publish","hentry"],"_links":{"self":[{"href":"https:\/\/valkplant.com\/de\/wp-json\/wp\/v2\/pages\/4090","targetHints":{"allow":["GET"]}}],"collection":[{"href":"https:\/\/valkplant.com\/de\/wp-json\/wp\/v2\/pages"}],"about":[{"href":"https:\/\/valkplant.com\/de\/wp-json\/wp\/v2\/types\/page"}],"author":[{"embeddable":true,"href":"https:\/\/valkplant.com\/de\/wp-json\/wp\/v2\/users\/1"}],"replies":[{"embeddable":true,"href":"https:\/\/valkplant.com\/de\/wp-json\/wp\/v2\/comments?post=4090"}],"version-history":[{"count":5,"href":"https:\/\/valkplant.com\/de\/wp-json\/wp\/v2\/pages\/4090\/revisions"}],"predecessor-version":[{"id":6813,"href":"https:\/\/valkplant.com\/de\/wp-json\/wp\/v2\/pages\/4090\/revisions\/6813"}],"wp:attachment":[{"href":"https:\/\/valkplant.com\/de\/wp-json\/wp\/v2\/media?parent=4090"}],"curies":[{"name":"wp","href":"https:\/\/api.w.org\/{rel}","templated":true}]}}