

















{"id":4076,"date":"2020-08-20T11:43:47","date_gmt":"2020-08-20T09:43:47","guid":{"rendered":"https:\/\/valkplant.com\/?page_id=4076"},"modified":"2023-12-19T12:30:56","modified_gmt":"2023-12-19T10:30:56","slug":"contact","status":"publish","type":"page","link":"https:\/\/valkplant.com\/fr\/contact\/","title":{"rendered":"Contact"},"content":{"rendered":"<p>[et_pb_section fb_built=\u00a0\u00bb1&Prime; fullwidth=\u00a0\u00bbon\u00a0\u00bb _builder_version=\u00a0\u00bb4.16&Prime; global_colors_info=\u00a0\u00bb{}\u00a0\u00bb][et_pb_fullwidth_image _builder_version=\u00a0\u00bb4.16&Prime; background_image=\u00a0\u00bbhttps:\/\/valkplant.com\/wp-content\/uploads\/2020\/02\/contact.png\u00a0\u00bb height=\u00a0\u00bb400px\u00a0\u00bb custom_css_main_element=\u00a0\u00bboverflow:hidden\u00a0\u00bb global_colors_info=\u00a0\u00bb{}\u00a0\u00bb][\/et_pb_fullwidth_image][\/et_pb_section][et_pb_section fb_built=\u00a0\u00bb1&Prime; _builder_version=\u00a0\u00bb4.16&Prime; custom_padding=\u00a0\u00bb||0px|||\u00a0\u00bb global_colors_info=\u00a0\u00bb{}\u00a0\u00bb][et_pb_row column_structure=\u00a0\u00bb1_2,1_2&Prime; _builder_version=\u00a0\u00bb4.16&Prime; width_tablet=\u00a0\u00bb90%\u00a0\u00bb width_phone=\u00a0\u00bb\u00a0\u00bb width_last_edited=\u00a0\u00bbon|phone\u00a0\u00bb global_colors_info=\u00a0\u00bb{}\u00a0\u00bb][et_pb_column type=\u00a0\u00bb1_2&Prime; _builder_version=\u00a0\u00bb4.16&Prime; background_color=\u00a0\u00bb#f7f7f7&Prime; transform_translate=\u00a0\u00bb0px|-130px\u00a0\u00bb transform_translate_linked=\u00a0\u00bboff\u00a0\u00bb custom_padding=\u00a0\u00bb70px|50px|70px|50px|true|true\u00a0\u00bb box_shadow_style=\u00a0\u00bbpreset1&Prime; global_colors_info=\u00a0\u00bb{}\u00a0\u00bb][et_pb_text _builder_version=\u00a0\u00bb4.16&Prime; text_font=\u00a0\u00bb|800|||||||\u00a0\u00bb text_text_color=\u00a0\u00bb#bdd02c\u00a0\u00bb text_font_size=\u00a0\u00bb30px\u00a0\u00bb text_line_height=\u00a0\u00bb1em\u00a0\u00bb global_colors_info=\u00a0\u00bb{}\u00a0\u00bb]<\/p>\n<p>\u00cates-vous int\u00e9ress\u00e9 par:<\/p>\n<p>[\/et_pb_text][et_pb_text _builder_version=\u00a0\u00bb4.19.0&Prime; global_colors_info=\u00a0\u00bb{}\u00a0\u00bb]<\/p>\n<p>Un partenaire de qualit\u00e9 pour le d\u00e9veloppement de votre nouvelle<br \/>plante ? Souhaitez-vous obtenir un contrat de licence pour l&rsquo;une de nos vari\u00e9t\u00e9s innovantes ? Ou souhaitez-vous ajouter une plante de notre collection \u00e0 votre assortiment ? Alors Valkplant est la bonne adresse pour vous. Contactez-nous via le formulaire de contact ou trouvez nos coordonn\u00e9es ci-dessous.<\/p>\n<p>[\/et_pb_text][et_pb_text module_id=\u00a0\u00bbcontactpage\u00a0\u00bb _builder_version=\u00a0\u00bb4.16&Prime; custom_padding=\u00a0\u00bb|||0px||\u00a0\u00bb global_colors_info=\u00a0\u00bb{}\u00a0\u00bb]<\/p>\n<table class=\"footer-address\" style=\"width: 100%; table-layout: fixed;\">\n<tbody>\n<tr>\n<td style=\"width: 50px; padding: 6px;\"><a href=\"https:\/\/www.google.nl\/maps\/place\/Burgemeester+Smitweg+64,+2391+NG+Hazerswoude-Dorp\/@52.0978103,4.6270309,17z\/data=!3m1!4b1!4m5!3m4!1s0x47c5d009759a7abf:0x963c16d435fb1ebd!8m2!3d52.0978103!4d4.6292196\" target=\"_blank\" rel=\"noopener noreferrer\"><img loading=\"lazy\" decoding=\"async\" width=\"17\" height=\"24\" src=\"https:\/\/valkplant.com\/wp-content\/uploads\/2020\/02\/Path-755.png\" alt=\"\" class=\"wp-image-409 alignnone size-full\"><\/a><\/td>\n<td style=\"padding-left: 7px;\"><a href=\"https:\/\/www.google.nl\/maps\/place\/Burgemeester+Smitweg+64,+2391+NG+Hazerswoude-Dorp\/@52.0978103,4.6270309,17z\/data=!3m1!4b1!4m5!3m4!1s0x47c5d009759a7abf:0x963c16d435fb1ebd!8m2!3d52.0978103!4d4.6292196\" target=\"_blank\" rel=\"noopener noreferrer\">Burgemeester Smitweg 64<\/a><br \/>\n<a href=\"https:\/\/www.google.nl\/maps\/place\/Burgemeester+Smitweg+64,+2391+NG+Hazerswoude-Dorp\/@52.0978103,4.6270309,17z\/data=!3m1!4b1!4m5!3m4!1s0x47c5d009759a7abf:0x963c16d435fb1ebd!8m2!3d52.0978103!4d4.6292196\" target=\"_blank\" rel=\"noopener noreferrer\"> 2391 NG Hazerswoude-Dorp<\/a><br \/>\n<a href=\"https:\/\/www.google.nl\/maps\/place\/Burgemeester+Smitweg+64,+2391+NG+Hazerswoude-Dorp\/@52.0978103,4.6270309,17z\/data=!3m1!4b1!4m5!3m4!1s0x47c5d009759a7abf:0x963c16d435fb1ebd!8m2!3d52.0978103!4d4.6292196\" target=\"_blank\" rel=\"noopener noreferrer\"> The Netherlands.<\/a><\/td>\n<\/tr>\n<tr>\n<td style=\"width: 50px; padding: 6px;\"><img loading=\"lazy\" decoding=\"async\" width=\"20\" height=\"20\" src=\"https:\/\/valkplant.com\/wp-content\/uploads\/2020\/02\/Path-752.png\" alt=\"\" class=\"wp-image-408 alignnone size-full\"><\/td>\n<td style=\"padding-left: 7px;\">Tel: <a href=\"tel:+31%20172 588600\">+31 172 588600<\/a><\/td>\n<\/tr>\n<tr>\n<td style=\"width: 50px; padding: 6px;\"><img loading=\"lazy\" decoding=\"async\" width=\"20\" height=\"16\" src=\"https:\/\/valkplant.com\/wp-content\/uploads\/2020\/02\/Group-249.png\" alt=\"\" class=\"wp-image-407 alignnone size-full\"><\/td>\n<td style=\"padding-left: 7px;\">E-mail: <a href=\"mailto:info@valkplant.com\">info@valkplant.com<\/a><\/td>\n<\/tr>\n<\/tbody>\n<\/table>\n<p>&nbsp;[\/et_pb_text][\/et_pb_column][et_pb_column type=\u00a0\u00bb1_2&Prime; _builder_version=\u00a0\u00bb4.16&Prime; global_colors_info=\u00a0\u00bb{}\u00a0\u00bb][et_pb_text _builder_version=\u00a0\u00bb4.16&Prime; text_font=\u00a0\u00bb|800|||||||\u00a0\u00bb text_font_size=\u00a0\u00bb30px\u00a0\u00bb global_colors_info=\u00a0\u00bb{}\u00a0\u00bb]<\/p>\n<p>Formulaire de contact<\/p>\n<p>[\/et_pb_text][et_pb_text _builder_version=\u00a0\u00bb4.16&Prime; global_colors_info=\u00a0\u00bb{}\u00a0\u00bb]<\/p>\n<div style=\"max-width: 350px;\"><form id=\"forminator-module-4213\" class=\"forminator-custom-form forminator-custom-form-4213\" method=\"post\" data-forminator-render=\"0\" data-uid=\"69d82ee577f2c\"><div role=\"alert\" aria-live=\"polite\" class=\"forminator-response-message forminator-error\" aria-hidden=\"true\"><\/div><\/form><\/div>\n<p>[\/et_pb_text][\/et_pb_column][\/et_pb_row][\/et_pb_section]<\/p>\n","protected":false},"excerpt":{"rendered":"<p>\u00cates-vous int\u00e9ress\u00e9 par:Un partenaire de qualit\u00e9 pour le d\u00e9veloppement de votre nouvelleplante ? Souhaitez-vous obtenir un contrat de licence pour l&rsquo;une de nos vari\u00e9t\u00e9s innovantes ? Ou souhaitez-vous ajouter une plante de notre collection \u00e0 votre assortiment ? Alors Valkplant est la bonne adresse pour vous. Contactez-nous via le formulaire de contact ou trouvez nos [&hellip;]<\/p>\n","protected":false},"author":1,"featured_media":0,"parent":0,"menu_order":0,"comment_status":"closed","ping_status":"closed","template":"","meta":{"_et_pb_use_builder":"on","_et_pb_old_content":"","_et_gb_content_width":"","footnotes":""},"class_list":["post-4076","page","type-page","status-publish","hentry"],"_links":{"self":[{"href":"https:\/\/valkplant.com\/fr\/wp-json\/wp\/v2\/pages\/4076","targetHints":{"allow":["GET"]}}],"collection":[{"href":"https:\/\/valkplant.com\/fr\/wp-json\/wp\/v2\/pages"}],"about":[{"href":"https:\/\/valkplant.com\/fr\/wp-json\/wp\/v2\/types\/page"}],"author":[{"embeddable":true,"href":"https:\/\/valkplant.com\/fr\/wp-json\/wp\/v2\/users\/1"}],"replies":[{"embeddable":true,"href":"https:\/\/valkplant.com\/fr\/wp-json\/wp\/v2\/comments?post=4076"}],"version-history":[{"count":10,"href":"https:\/\/valkplant.com\/fr\/wp-json\/wp\/v2\/pages\/4076\/revisions"}],"predecessor-version":[{"id":8114,"href":"https:\/\/valkplant.com\/fr\/wp-json\/wp\/v2\/pages\/4076\/revisions\/8114"}],"wp:attachment":[{"href":"https:\/\/valkplant.com\/fr\/wp-json\/wp\/v2\/media?parent=4076"}],"curies":[{"name":"wp","href":"https:\/\/api.w.org\/{rel}","templated":true}]}}